{"id":5076,"date":"2015-04-22T17:02:40","date_gmt":"2015-04-22T17:02:40","guid":{"rendered":"http:\/\/2hor.arysha.eu\/?page_id=5076"},"modified":"2024-08-15T22:09:25","modified_gmt":"2024-08-15T21:09:25","slug":"my-home-page","status":"publish","type":"page","link":"https:\/\/2horizontes.com\/","title":{"rendered":"Abinader da primer picazo para la rehabilitaci\u00f3n de calles en la Ciudad Colonial page"},"content":{"rendered":"<p>El presidente Luis Abinader da el primer picazo para dejar iniciado los trabajos de <strong>rehabilitaci\u00f3n en las calles principales de la Ciudad Colonial.<\/strong><\/p>\n<p>Fue la ma\u00f1ana de este lunes cuando el mandatario agot\u00f3 una agenda dedicada al <strong>turismo en la Zona Colonial<\/strong> y junto a \u00e9l estuvo presente el ministro de Turismo, David Collado, quien exalt\u00f3 la importancia de ese acto.<\/p>\n<p><strong>\u201cLa Ciudad Colonial representa gran parte de la cultura dominicana, <\/strong>por eso es importante que cada rinc\u00f3n de esta pieza tur\u00edstica que poseemos los dominicanos est\u00e9 impecable\u201d, resalt\u00f3 el ministro.<\/p>\n<div class=\"teads-inread sm-screen\">\n<div>\n<div id=\"teads0\" class=\"teads-player\"><\/div>\n<p>Previo a dar el primer picazo, Abinader reconoci\u00f3 el <strong>\u201ctesoro\u201d<\/strong> que poseen los dominicanos con el destino de la Zona Colonial.<\/p>\n<p>\u201cTrabajemos en este espacio, porque de aqu\u00ed sacamos provecho, vamos a hacer que est\u00e9 tesoro brille m\u00e1s, protegerlo, sostenerlo y que est\u00e9 aqu\u00ed como un legado de nuestro pa\u00eds\u201d, cit\u00f3 el jefe de estado.<\/p>\n<p>Seg\u00fan lo informado en la actividad,<strong> la rehabilitaci\u00f3n del espacio tendr\u00e1 una inversi\u00f3n de casi cinco mil millones de pesos<\/strong> y abarcar\u00e1 inicialmente 11 calles, con la intervenci\u00f3n de sus pavimentos y aceras, soterramiento de cables, sustituci\u00f3n de agua potable, entre otros trabajos de rehabilitaci\u00f3n.<\/p>\n<p>Esta acci\u00f3n forma parte de las obras que incluye el Programa Integral de Desarrollo Tur\u00edstico y Urbano de la Ciudad Colonial de Santo Domingo (Pidtuccsd).<\/p>\n<\/div>\n<\/div>\n","protected":false},"excerpt":{"rendered":"<p>El presidente Luis Abinader da el primer picazo para dejar iniciado los trabajos de rehabilitaci\u00f3n en las calles principales de la Ciudad Colonial. Fue la ma\u00f1ana de este lunes cuando el mandatario agot\u00f3 una agenda dedicada al turismo en la Zona Colonial y junto a \u00e9l estuvo presente el ministro de Turismo, David Collado, quien [&hellip;]<\/p>\n","protected":false},"author":1,"featured_media":74636,"parent":0,"menu_order":0,"comment_status":"open","ping_status":"open","template":"home-page.php","meta":{"footnotes":""},"class_list":["post-5076","page","type-page","status-publish","has-post-thumbnail","hentry"],"_links":{"self":[{"href":"https:\/\/2horizontes.com\/index.php?rest_route=\/wp\/v2\/pages\/5076","targetHints":{"allow":["GET"]}}],"collection":[{"href":"https:\/\/2horizontes.com\/index.php?rest_route=\/wp\/v2\/pages"}],"about":[{"href":"https:\/\/2horizontes.com\/index.php?rest_route=\/wp\/v2\/types\/page"}],"author":[{"embeddable":true,"href":"https:\/\/2horizontes.com\/index.php?rest_route=\/wp\/v2\/users\/1"}],"replies":[{"embeddable":true,"href":"https:\/\/2horizontes.com\/index.php?rest_route=%2Fwp%2Fv2%2Fcomments&post=5076"}],"version-history":[{"count":2,"href":"https:\/\/2horizontes.com\/index.php?rest_route=\/wp\/v2\/pages\/5076\/revisions"}],"predecessor-version":[{"id":74637,"href":"https:\/\/2horizontes.com\/index.php?rest_route=\/wp\/v2\/pages\/5076\/revisions\/74637"}],"wp:featuredmedia":[{"embeddable":true,"href":"https:\/\/2horizontes.com\/index.php?rest_route=\/wp\/v2\/media\/74636"}],"wp:attachment":[{"href":"https:\/\/2horizontes.com\/index.php?rest_route=%2Fwp%2Fv2%2Fmedia&parent=5076"}],"curies":[{"name":"wp","href":"https:\/\/api.w.org\/{rel}","templated":true}]}}